{"id":8,"date":"2026-04-10T22:15:43","date_gmt":"2026-04-10T22:15:43","guid":{"rendered":"https:\/\/centurionseguridad.mx\/?page_id=8"},"modified":"2026-04-13T22:33:13","modified_gmt":"2026-04-13T22:33:13","slug":"el-nuevo-umoma-abre-sus-puertas","status":"publish","type":"page","link":"https:\/\/centurionseguridad.mx\/","title":{"rendered":"CENTURI\u00d3N ALTA SEGURIDAD PRIVADA"},"content":{"rendered":"\t\t<div data-elementor-type=\"wp-page\" data-elementor-id=\"8\" class=\"elementor elementor-8\">\n\t\t\t\t<div class=\"elementor-element elementor-element-112d749e e-flex e-con-boxed e-con e-parent\" data-id=\"112d749e\" data-element_type=\"container\" data-e-type=\"container\">\n\t\t\t\t\t<div class=\"e-con-inner\">\n\t\t\t\t<div class=\"elementor-element elementor-element-5a7b3d2 elementor-widget elementor-widget-text-editor\" data-id=\"5a7b3d2\" data-element_type=\"widget\" data-e-type=\"widget\" data-widget_type=\"text-editor.default\">\n\t\t\t\t\t\t\t\t\t\n<div class=\"wp-block-group alignwide\"><div class=\"wp-block-group__inner-container is-layout-flow wp-block-group-is-layout-flow\">\n<h2 class=\"wp-block-heading has-text-align-center\">PROTEGEMOS LO QUE M\u00c1S LE IMPORTA SU EMPRESA, SU FAMILIA, SU PATRIMONIO.<\/h2>\n<\/div><\/div>\n\n<div class=\"wp-block-columns alignwide is-layout-flex wp-container-core-columns-is-layout-9d6595d7 wp-block-columns-is-layout-flex\">\n<div class=\"wp-block-column is-layout-flow wp-block-column-is-layout-flow\">\n<div class=\"wp-block-group\"><div class=\"wp-block-group__inner-container is-layout-flow wp-block-group-is-layout-flow\">\n<figure class=\"wp-block-image alignfull size-full\"><img fetchpriority=\"high\" decoding=\"async\" width=\"2560\" height=\"1707\" class=\"wp-image-21\" src=\"https:\/\/centurionseguridad.mx\/wp-content\/uploads\/2026\/04\/MG_7656-scaled.jpg\" alt=\"\" srcset=\"https:\/\/centurionseguridad.mx\/wp-content\/uploads\/2026\/04\/MG_7656-scaled.jpg 2560w, https:\/\/centurionseguridad.mx\/wp-content\/uploads\/2026\/04\/MG_7656-300x200.jpg 300w, https:\/\/centurionseguridad.mx\/wp-content\/uploads\/2026\/04\/MG_7656-1024x683.jpg 1024w, https:\/\/centurionseguridad.mx\/wp-content\/uploads\/2026\/04\/MG_7656-768x512.jpg 768w, https:\/\/centurionseguridad.mx\/wp-content\/uploads\/2026\/04\/MG_7656-1536x1024.jpg 1536w, https:\/\/centurionseguridad.mx\/wp-content\/uploads\/2026\/04\/MG_7656-2048x1365.jpg 2048w, https:\/\/centurionseguridad.mx\/wp-content\/uploads\/2026\/04\/MG_7656-1200x800.jpg 1200w, https:\/\/centurionseguridad.mx\/wp-content\/uploads\/2026\/04\/MG_7656-1980x1320.jpg 1980w\" sizes=\"(max-width: 2560px) 100vw, 2560px\" \/><\/figure>\n\n<h3 class=\"wp-block-heading\">Personal de Seguridad<\/h3>\n\n<p>Altamente capacitados<br \/>Personal de confianza<br \/>Riguroso proceso de selecci\u00f3n<br \/>y evaluaci\u00f3n<\/p>\n\n<div class=\"wp-block-button is-style-outline is-style-outline--6\"><a class=\"wp-block-button__link wp-element-button\" href=\"https:\/\/make.wordpress.org\/core\/2019\/09\/27\/block-editor-theme-related-updates-in-wordpress-5-3\/\">Leer m\u00e1s<\/a><\/div>\n<\/div><\/div>\n\n<div class=\"wp-block-group\"><div class=\"wp-block-group__inner-container is-layout-flow wp-block-group-is-layout-flow\">\n<figure class=\"wp-block-image alignfull size-full\"><img decoding=\"async\" width=\"2560\" height=\"1707\" class=\"wp-image-79\" src=\"https:\/\/centurionseguridad.mx\/wp-content\/uploads\/2026\/04\/MG_7686-scaled.jpg\" alt=\"\" srcset=\"https:\/\/centurionseguridad.mx\/wp-content\/uploads\/2026\/04\/MG_7686-scaled.jpg 2560w, https:\/\/centurionseguridad.mx\/wp-content\/uploads\/2026\/04\/MG_7686-300x200.jpg 300w, https:\/\/centurionseguridad.mx\/wp-content\/uploads\/2026\/04\/MG_7686-1024x683.jpg 1024w, https:\/\/centurionseguridad.mx\/wp-content\/uploads\/2026\/04\/MG_7686-768x512.jpg 768w, https:\/\/centurionseguridad.mx\/wp-content\/uploads\/2026\/04\/MG_7686-1536x1024.jpg 1536w, https:\/\/centurionseguridad.mx\/wp-content\/uploads\/2026\/04\/MG_7686-2048x1365.jpg 2048w\" sizes=\"(max-width: 2560px) 100vw, 2560px\" \/><\/figure>\n\n<h3 class=\"wp-block-heading\">Seguridad Empresarial<\/h3>\n\n<p>Dise\u00f1o e Implementaci\u00f3n de<br \/>Sistemas de Circuito Cerrado<br \/>y Seguridad Electr\u00f3nica en<br \/>General<\/p>\n\n<div class=\"wp-block-button is-style-outline is-style-outline--7\"><a class=\"wp-block-button__link wp-element-button\" href=\"https:\/\/make.wordpress.org\/core\/2019\/09\/27\/block-editor-theme-related-updates-in-wordpress-5-3\/\">Leer m\u00e1s<\/a><\/div>\n<\/div><\/div>\n<\/div>\n\n<div class=\"wp-block-column is-layout-flow wp-block-column-is-layout-flow\">\n<div class=\"wp-block-group\"><div class=\"wp-block-group__inner-container is-layout-flow wp-block-group-is-layout-flow\">\n<figure class=\"wp-block-image alignfull size-full\"><img decoding=\"async\" width=\"2560\" height=\"1707\" class=\"wp-image-68\" src=\"https:\/\/centurionseguridad.mx\/wp-content\/uploads\/2026\/04\/MG_7617-scaled.jpg\" alt=\"\" srcset=\"https:\/\/centurionseguridad.mx\/wp-content\/uploads\/2026\/04\/MG_7617-scaled.jpg 2560w, https:\/\/centurionseguridad.mx\/wp-content\/uploads\/2026\/04\/MG_7617-300x200.jpg 300w, https:\/\/centurionseguridad.mx\/wp-content\/uploads\/2026\/04\/MG_7617-1024x683.jpg 1024w, https:\/\/centurionseguridad.mx\/wp-content\/uploads\/2026\/04\/MG_7617-768x512.jpg 768w, https:\/\/centurionseguridad.mx\/wp-content\/uploads\/2026\/04\/MG_7617-1536x1024.jpg 1536w, https:\/\/centurionseguridad.mx\/wp-content\/uploads\/2026\/04\/MG_7617-2048x1365.jpg 2048w\" sizes=\"(max-width: 2560px) 100vw, 2560px\" \/><\/figure>\n\n<h3 class=\"wp-block-heading\">Seguridad Patrimonial<\/h3>\n\n<p>Industrial, Residencial, Comercios, Colegios, etc.<\/p>\n\n<div class=\"wp-block-button is-style-outline is-style-outline--8\"><a class=\"wp-block-button__link wp-element-button\" href=\"https:\/\/make.wordpress.org\/core\/2019\/09\/27\/block-editor-theme-related-updates-in-wordpress-5-3\/\">Leer m\u00e1s<\/a><\/div>\n<\/div><\/div>\n\n<div class=\"wp-block-group\"><div class=\"wp-block-group__inner-container is-layout-flow wp-block-group-is-layout-flow\">\n<figure class=\"wp-block-image alignfull size-full\"><img loading=\"lazy\" decoding=\"async\" width=\"2560\" height=\"1707\" class=\"wp-image-80\" src=\"https:\/\/centurionseguridad.mx\/wp-content\/uploads\/2026\/04\/MG_7736-scaled.jpg\" alt=\"\" srcset=\"https:\/\/centurionseguridad.mx\/wp-content\/uploads\/2026\/04\/MG_7736-scaled.jpg 2560w, https:\/\/centurionseguridad.mx\/wp-content\/uploads\/2026\/04\/MG_7736-300x200.jpg 300w, https:\/\/centurionseguridad.mx\/wp-content\/uploads\/2026\/04\/MG_7736-1024x683.jpg 1024w, https:\/\/centurionseguridad.mx\/wp-content\/uploads\/2026\/04\/MG_7736-768x512.jpg 768w, https:\/\/centurionseguridad.mx\/wp-content\/uploads\/2026\/04\/MG_7736-1536x1024.jpg 1536w, https:\/\/centurionseguridad.mx\/wp-content\/uploads\/2026\/04\/MG_7736-2048x1365.jpg 2048w\" sizes=\"(max-width: 2560px) 100vw, 2560px\" \/><\/figure>\n\n<h3 class=\"wp-block-heading\">Seguridad en Eventos Especiales<\/h3>\n\n<p>Administraci\u00f3n de seguridad,<br \/>Revisi\u00f3n de Pol\u00edticas y<br \/>Procedimientos.<\/p>\n\n<div class=\"wp-block-button is-style-outline is-style-outline--9\"><a class=\"wp-block-button__link wp-element-button\" href=\"https:\/\/make.wordpress.org\/core\/2019\/09\/27\/block-editor-theme-related-updates-in-wordpress-5-3\/\">Leer m\u00e1s<\/a><\/div>\n<\/div><\/div>\n<\/div>\n<\/div>\n\n<figure class=\"wp-block-image alignfull size-full\"><img loading=\"lazy\" decoding=\"async\" width=\"2560\" height=\"1707\" class=\"wp-image-78\" src=\"https:\/\/centurionseguridad.mx\/wp-content\/uploads\/2026\/04\/MG_8026-scaled.jpg\" alt=\"\" srcset=\"https:\/\/centurionseguridad.mx\/wp-content\/uploads\/2026\/04\/MG_8026-scaled.jpg 2560w, https:\/\/centurionseguridad.mx\/wp-content\/uploads\/2026\/04\/MG_8026-300x200.jpg 300w, https:\/\/centurionseguridad.mx\/wp-content\/uploads\/2026\/04\/MG_8026-1024x683.jpg 1024w, https:\/\/centurionseguridad.mx\/wp-content\/uploads\/2026\/04\/MG_8026-768x512.jpg 768w, https:\/\/centurionseguridad.mx\/wp-content\/uploads\/2026\/04\/MG_8026-1536x1024.jpg 1536w, https:\/\/centurionseguridad.mx\/wp-content\/uploads\/2026\/04\/MG_8026-2048x1365.jpg 2048w\" sizes=\"(max-width: 2560px) 100vw, 2560px\" \/><\/figure>\n\n<div class=\"wp-block-group alignwide\"><div class=\"wp-block-group__inner-container is-layout-flow wp-block-group-is-layout-flow\">\n<h2 class=\"wp-block-heading has-text-align-center has-accent-color has-text-color\">QUI\u00c9NES SOMOS<\/h2>\n<\/div><\/div>\n\n<p class=\"has-text-align-center\">Somos una empresa orgullosamente mexicana l\u00edder en seguridad<br \/>integral desde 1997. ofrecemos soluciones confiables y profesionales<br \/>en Seguridad Empresarial. Contando siempre con la mejor<br \/>infraestructura y equipo de vanguardia para asegurarle sistemas y<br \/>servicios operativos de excelencia.<br \/>CENTURI\u00d3N se constituye con la finalidad de crear un grupo<br \/>especializado en seguridad privada contando con los m\u00e1s altos<br \/>est\u00e1ndares de calidad. Proporcionando personal de vigilancia eficaz y<br \/>constantemente capacitado para ofrecer siempre un servicio<br \/>actualizado a sus necesidades.<br \/>Nuestro objetivo est\u00e1 enfocado en aportar valor a su organizaci\u00f3n,<br \/>creando Sistemas Integrales de Seguridad que se adaptan a sus<br \/>necesidades reales.<\/p>\n\n<p>\u00a0<\/p>\n\n<div class=\"wp-block-group alignwide has-background\" style=\"background-color: #ffffff;\"><div class=\"wp-block-group__inner-container is-layout-flow wp-block-group-is-layout-flow\">\n<div class=\"wp-block-group\"><div class=\"wp-block-group__inner-container is-layout-flow wp-block-group-is-layout-flow\">\n<h2 class=\"wp-block-heading has-text-align-center\">NUESTROS VALORES<\/h2>\n\n<p class=\"has-text-align-center\">Buscamos ser una empresa innovadora, competitiva y con altos niveles de<br \/>calidad en el servicio; apoyados a nuestra filosof\u00eda y valores que permitan<br \/>alcanzar \u00e9sta expectativa.<\/p>\n\n<p class=\"has-text-align-center\">\u00a0<\/p>\n\n<div class=\"wp-block-button aligncenter\"><a class=\"wp-block-button__link wp-element-button\" href=\"https:\/\/make.wordpress.org\/core\/2019\/09\/27\/block-editor-theme-related-updates-in-wordpress-5-3\/\">\u00danete al club<\/a><\/div>\n<\/div><\/div>\n<\/div><\/div>\n\n<figure class=\"wp-block-gallery alignwide has-nested-images columns-default is-cropped wp-block-gallery-10 is-layout-flex wp-block-gallery-is-layout-flex\">\n<figure class=\"wp-block-image size-large\"><img loading=\"lazy\" decoding=\"async\" width=\"683\" height=\"1024\" data-id=\"77\" class=\"wp-image-77\" src=\"https:\/\/centurionseguridad.mx\/wp-content\/uploads\/2026\/04\/MG_7844-683x1024.jpg\" alt=\"\" srcset=\"https:\/\/centurionseguridad.mx\/wp-content\/uploads\/2026\/04\/MG_7844-683x1024.jpg 683w, https:\/\/centurionseguridad.mx\/wp-content\/uploads\/2026\/04\/MG_7844-200x300.jpg 200w, https:\/\/centurionseguridad.mx\/wp-content\/uploads\/2026\/04\/MG_7844-768x1152.jpg 768w, https:\/\/centurionseguridad.mx\/wp-content\/uploads\/2026\/04\/MG_7844-1024x1536.jpg 1024w, https:\/\/centurionseguridad.mx\/wp-content\/uploads\/2026\/04\/MG_7844-1365x2048.jpg 1365w, https:\/\/centurionseguridad.mx\/wp-content\/uploads\/2026\/04\/MG_7844-scaled.jpg 1707w\" sizes=\"(max-width: 683px) 100vw, 683px\" \/><\/figure>\n\n<figure class=\"wp-block-image size-large\"><img loading=\"lazy\" decoding=\"async\" width=\"683\" height=\"1024\" data-id=\"38\" class=\"wp-image-38\" src=\"https:\/\/centurionseguridad.mx\/wp-content\/uploads\/2026\/04\/MG_8048-683x1024.jpg\" alt=\"\" srcset=\"https:\/\/centurionseguridad.mx\/wp-content\/uploads\/2026\/04\/MG_8048-683x1024.jpg 683w, https:\/\/centurionseguridad.mx\/wp-content\/uploads\/2026\/04\/MG_8048-200x300.jpg 200w, https:\/\/centurionseguridad.mx\/wp-content\/uploads\/2026\/04\/MG_8048-768x1152.jpg 768w, https:\/\/centurionseguridad.mx\/wp-content\/uploads\/2026\/04\/MG_8048-1024x1536.jpg 1024w, https:\/\/centurionseguridad.mx\/wp-content\/uploads\/2026\/04\/MG_8048-1365x2048.jpg 1365w, https:\/\/centurionseguridad.mx\/wp-content\/uploads\/2026\/04\/MG_8048-scaled.jpg 1707w\" sizes=\"(max-width: 683px) 100vw, 683px\" \/><\/figure>\n<\/figure>\n\t\t\t\t\t\t\t\t<\/div>\n\t\t\t\t\t<\/div>\n\t\t\t\t<\/div>\n\t\t\t\t<\/div>\n\t\t","protected":false},"excerpt":{"rendered":"<p>PROTEGEMOS LO QUE M\u00c1S LE IMPORTA SU EMPRESA, SU FAMILIA, SU PATRIMONIO. Personal de Seguridad Altamente capacitadosPersonal de confianzaRiguroso proceso de selecci\u00f3ny evaluaci\u00f3n Seguridad Empresarial Dise\u00f1o e Implementaci\u00f3n deSistemas de Circuito Cerradoy Seguridad Electr\u00f3nica enGeneral Seguridad Patrimonial Industrial, Residencial, Comercios, Colegios, etc. Seguridad en Eventos Especiales Administraci\u00f3n de seguridad,Revisi\u00f3n de Pol\u00edticas yProcedimientos. QUI\u00c9NES SOMOS Somos una empresa orgullosamente mexicana l\u00edder en seguridadintegral desde 1997. ofrecemos soluciones confiables y profesionalesen Seguridad Empresarial. Contando siempre con la mejorinfraestructura y equipo de vanguardia para asegurarle sistemas yservicios operativos de excelencia.CENTURI\u00d3N se constituye con la finalidad de crear un grupoespecializado en seguridad privada contando con los m\u00e1s altosest\u00e1ndares de calidad. Proporcionando personal de vigilancia eficaz yconstantemente capacitado para ofrecer siempre un servicioactualizado a sus necesidades.Nuestro objetivo est\u00e1 enfocado en aportar valor a su organizaci\u00f3n,creando Sistemas Integrales de Seguridad que se adaptan a susnecesidades reales. NUESTROS VALORES Buscamos ser una empresa innovadora, competitiva y con altos niveles decalidad en el servicio; apoyados a nuestra filosof\u00eda y valores que permitanalcanzar \u00e9sta expectativa.<\/p>\n","protected":false},"author":1,"featured_media":22,"parent":0,"menu_order":0,"comment_status":"closed","ping_status":"closed","template":"","meta":{"footnotes":""},"class_list":["post-8","page","type-page","status-publish","has-post-thumbnail","hentry"],"_links":{"self":[{"href":"https:\/\/centurionseguridad.mx\/index.php\/wp-json\/wp\/v2\/pages\/8","targetHints":{"allow":["GET"]}}],"collection":[{"href":"https:\/\/centurionseguridad.mx\/index.php\/wp-json\/wp\/v2\/pages"}],"about":[{"href":"https:\/\/centurionseguridad.mx\/index.php\/wp-json\/wp\/v2\/types\/page"}],"author":[{"embeddable":true,"href":"https:\/\/centurionseguridad.mx\/index.php\/wp-json\/wp\/v2\/users\/1"}],"replies":[{"embeddable":true,"href":"https:\/\/centurionseguridad.mx\/index.php\/wp-json\/wp\/v2\/comments?post=8"}],"version-history":[{"count":9,"href":"https:\/\/centurionseguridad.mx\/index.php\/wp-json\/wp\/v2\/pages\/8\/revisions"}],"predecessor-version":[{"id":92,"href":"https:\/\/centurionseguridad.mx\/index.php\/wp-json\/wp\/v2\/pages\/8\/revisions\/92"}],"wp:featuredmedia":[{"embeddable":true,"href":"https:\/\/centurionseguridad.mx\/index.php\/wp-json\/wp\/v2\/media\/22"}],"wp:attachment":[{"href":"https:\/\/centurionseguridad.mx\/index.php\/wp-json\/wp\/v2\/media?parent=8"}],"curies":[{"name":"wp","href":"https:\/\/api.w.org\/{rel}","templated":true}]}}